{"id":1698,"date":"2025-11-02T18:42:17","date_gmt":"2025-11-02T18:42:17","guid":{"rendered":"https:\/\/www.consteel-apartments.eu\/?page_id=1698"},"modified":"2025-11-02T18:42:18","modified_gmt":"2025-11-02T18:42:18","slug":"rodo","status":"publish","type":"page","link":"https:\/\/www.consteel-apartments.eu\/?page_id=1698","title":{"rendered":"RODO"},"content":{"rendered":"\n<p><strong>Klauzula Informacyjna<\/strong>\u00a0Administratorem danych osobowych jest Consteel Apartments Sp. z o. o. z\u00a0siedzib\u0105 w Warszawie (02-677), ul. Cybernetyki 4A\u00a0lok U2, NIP: 5213895\u00a0928, wpisana do rejestru przedsi\u0119biorc\u00f3w pod nr KRS 0000839565 (dalej: \u201eAdministrator\u201d). W\u00a0sprawach z\u00a0zakresu ochrony danych osobowych mo\u017cna skontaktowa\u0107 si\u0119 Administratorem pod adresem e-mail: rodo.consteelapartments@consteel.eu<\/p>\n\n\n\n<ol class=\"wp-block-list\">\n<li>Dane osobowe przetwarzane s\u0105 w nast\u0119puj\u0105cy spos\u00f3b: <strong>CEL PRZETWARZANIA PODSTAWA PRAWNA OKRES PRZECHOWYWANIA<\/strong> zawarcie i\u00a0wykonanie umowy o wykonanie rob\u00f3t budowlano-monta\u017cowych, dostawy, sprzeda\u017cy lub innej, niezb\u0119dnej do realizacji Inwestycjiniezb\u0119dno\u015b\u0107 przetwarzania w\u00a0celu zawarcia i\u00a0wykonania umowy (art. 6 ust. 1 lit. b RODO)W zakresie danych niezb\u0119dnych do realizacji umowy \u2013 przez okres trwania umowy, a w zakresie danych s\u0142u\u017c\u0105cych realizacji uprawnie\u0144 z\u00a0gwarancji i r\u0119kojmi za wykonane prace\/towary przez okres gwarancji i r\u0119kojmi, a\u00a0w zakresie danych niezb\u0119dnych do obrony lub zabezpieczenia pozosta\u0142ych roszcze\u0144 \u2013 przez okres przedawnienia roszcze\u0144.prowadzenie rachunkowo\u015bci Administratoraniezb\u0119dno\u015b\u0107 do wype\u0142nienia obowi\u0105zku prawnego spoczywaj\u0105cego na Administratorze (art. 6 ust. 1 lit. c RODO), wynikaj\u0105cego z powszechnie obowi\u0105zuj\u0105cych przepis\u00f3w prawa, w szczeg\u00f3lno\u015bci:<ul><li>ustawa z dnia 29 sierpnia 1997 r. Ordynacja podatkowa,ustawa z dnia 29 wrze\u015bnia 1994 r. o\u00a0rachunkowo\u015bci i\u00a0ustawa z dnia 11 marca 2004 r. o\u00a0podatku od towar\u00f3w i\u00a0us\u0142ug,<\/li><\/ul>do up\u0142ywu okresu przedawnienia zobowi\u0105za\u0144 podatkowych zwi\u0105zanych z\u00a0dokumentacj\u0105 ksi\u0119gow\u0105 i\u00a0rachunkow\u0105prowadzenie ocen i\u00a0klasyfikacji podwykonawc\u00f3w\/kontrahent\u00f3w oraz jako\u015bci ich prac oraz analiz statystycznychniezb\u0119dno\u015b\u0107 do realizacji prawnie uzasadnionego interesu Administratora (art. 6 ust. 1 f RODO),do czasu wniesienia skutecznego sprzeciwu lub do czasu realizacji tego interesu, jednak nie d\u0142u\u017cej ni\u017c przez okres 6 lat od dnia wykonania umowy z\u00a0danym kontrahentemorganizacja pracy, obieg dokument\u00f3w, prowadzenie ewidencji korespondencji oraz rejestru um\u00f3wniezb\u0119dno\u015b\u0107 do realizacji prawnie uzasadnionego interesu Administratora (art. 6 ust. 1 f RODO),do czasu wniesienia skutecznego sprzeciwu lub do czasu realizacji tego interesu, jednak nie d\u0142u\u017cej, ni\u017c 5 lat od wykonania umowy z\u00a0danym kontrahentemprzekazania danych kontrahenta oraz jego pracownik\u00f3w Podwykonawcomniezb\u0119dno\u015b\u0107 do wype\u0142nienia obowi\u0105zku prawnego spoczywaj\u0105cego na Administratorze (art. 6 ust. 1 lit. c RODO), wynikaj\u0105cego z powszechnie obowi\u0105zuj\u0105cych przepis\u00f3w prawa oraz niezb\u0119dno\u015b\u0107 ich przetwarzania do realizacji prawnie uzasadnionego interesu Administratora (art. 6 ust. 1 f RODO),do czasu wniesienia skutecznego sprzeciwu lub do czasu realizacji tego interesu.prowadzenie dzia\u0142a\u0144 marketingowych oraz przesy\u0142anie informacji handlowych \u015brodkami komunikacji elektronicznejzgoda osoby, kt\u00f3rej dane dotycz\u0105 (art. 6 ust. 1 lit. a\u00a0RODO)do czasu wycofania zgody w formie takiej, w\u00a0jakiej zosta\u0142a ona udzielona (art. 7 ust. 3 RODO)<\/li>\n\n\n\n<li>Podanie danych jest warunkiem zawarcia umowy. Podanie danych jest dobrowolne, lecz ich niepodanie uniemo\u017cliwi zawarcie umowy. Podanie danych jest obligatoryjne w zakresie wymaganym przez przepisy z\u00a0zakresu zam\u00f3wie\u0144 publicznych.<\/li>\n\n\n\n<li>Pani\/Pana dane osobowe nie b\u0119d\u0105 przetwarzane w\u00a0spos\u00f3b zautomatyzowany, w\u00a0tym poprzez profilowanie. Pani\/Pana dane osobowe b\u0119d\u0105 przetwarzane do czasu zako\u0144czenia wsp\u00f3\u0142pracy, przedawnienia roszcze\u0144 lub zg\u0142oszenia sprzeciwu wobec przetwarzania Pani\/Pana danych osobowych.<\/li>\n\n\n\n<li>Dost\u0119p do danych osobowych b\u0119d\u0105 mie\u0107:<\/li>\n<\/ol>\n\n\n\n<ol class=\"wp-block-list\">\n<li>pracownicy Administratora,<\/li>\n\n\n\n<li>podmioty \u015bwiadcz\u0105ce us\u0142ugi na rzecz Administratora (tj. us\u0142ugi IT i\u00a0wsparcia technicznego, us\u0142ugi pocztowe, us\u0142ugi przewozowe, us\u0142ugi drukarskie, us\u0142ugi archiwizacji, digitalizacji i\u00a0niszczenia dokument\u00f3w, instytucje bankowe, finansowe i\u00a0zak\u0142ady ubezpiecze\u0144, zewn\u0119trzni audytorzy, firmy doradcze i\u00a0consultingowe, firmy windykacyjne, kancelarie prawne,), kt\u00f3re musz\u0105 mie\u0107 dost\u0119p do danych, aby wykonywa\u0107 swoje obowi\u0105zki,<\/li>\n\n\n\n<li>klienci i kontrahenci administratora w\u00a0zakresie danych s\u0142u\u017cbowych,<\/li>\n\n\n\n<li>uprawnione do tego organy pa\u0144stwowe, w\u00a0szczeg\u00f3lno\u015bci urz\u0119dy skarbowe,<\/li>\n<\/ol>\n\n\n\n<p>przy czym ww. podmioty mog\u0105 dzia\u0142a\u0107 w&nbsp;krajach, kt\u00f3re nie zapewniaj\u0105 takiego samego poziomu ochrony danych, jaki istnieje w&nbsp;Pana\/Pani kraju zamieszkania, lecz Administrator podejmie wszelkie konieczne dzia\u0142ania, aby zapewni\u0107, \u017ce zostanie zachowany poziom ochrony zgodnie z&nbsp;obowi\u0105zuj\u0105cym prawem i&nbsp;standardami ochrony danych osobowych.<\/p>\n","protected":false},"excerpt":{"rendered":"<p>Klauzula Informacyjna\u00a0Administratorem danych osobowych jest Consteel Apartments Sp. z o. o. z\u00a0siedzib\u0105 w Warszawie (02-677), ul. Cybernetyki 4A\u00a0lok U2, NIP: 5213895\u00a0928, wpisana do rejestru przedsi\u0119biorc\u00f3w pod nr KRS 0000839565 (dalej: \u201eAdministrator\u201d). W\u00a0sprawach z\u00a0zakresu ochrony danych osobowych mo\u017cna skontaktowa\u0107 si\u0119 Administratorem pod adresem e-mail: rodo.consteelapartments@consteel.eu przy czym ww. podmioty mog\u0105 dzia\u0142a\u0107 w&nbsp;krajach, kt\u00f3re nie zapewniaj\u0105 takiego samego poziomu ochrony danych, jaki istnieje w&nbsp;Pana\/Pani kraju zamieszkania, lecz Administrator podejmie wszelkie konieczne dzia\u0142ania, aby zapewni\u0107, \u017ce zostanie zachowany poziom ochrony zgodnie z&nbsp;obowi\u0105zuj\u0105cym prawem i&nbsp;standardami ochrony danych osobowych.<\/p>\n","protected":false},"author":1,"featured_media":0,"parent":0,"menu_order":0,"comment_status":"closed","ping_status":"closed","template":"","meta":{"footnotes":""},"class_list":["post-1698","page","type-page","status-publish","hentry"],"yoast_head":"<!-- This site is optimized with the Yoast SEO plugin v26.8 - https:\/\/yoast.com\/product\/yoast-seo-wordpress\/ -->\n<title>RODO - consteel apartments<\/title>\n<meta name=\"robots\" content=\"index, follow, max-snippet:-1, max-image-preview:large, max-video-preview:-1\" \/>\n<link rel=\"canonical\" href=\"https:\/\/www.consteel-apartments.eu\/?page_id=1698\" \/>\n<meta property=\"og:locale\" content=\"pl_PL\" \/>\n<meta property=\"og:type\" content=\"article\" \/>\n<meta property=\"og:title\" content=\"RODO - consteel apartments\" \/>\n<meta property=\"og:description\" content=\"Klauzula Informacyjna\u00a0Administratorem danych osobowych jest Consteel Apartments Sp. z o. o. z\u00a0siedzib\u0105 w Warszawie (02-677), ul. Cybernetyki 4A\u00a0lok U2, NIP: 5213895\u00a0928, wpisana do rejestru przedsi\u0119biorc\u00f3w pod nr KRS 0000839565 (dalej: \u201eAdministrator\u201d). W\u00a0sprawach z\u00a0zakresu ochrony danych osobowych mo\u017cna skontaktowa\u0107 si\u0119 Administratorem pod adresem e-mail: rodo.consteelapartments@consteel.eu przy czym ww. podmioty mog\u0105 dzia\u0142a\u0107 w&nbsp;krajach, kt\u00f3re nie zapewniaj\u0105 takiego samego poziomu ochrony danych, jaki istnieje w&nbsp;Pana\/Pani kraju zamieszkania, lecz Administrator podejmie wszelkie konieczne dzia\u0142ania, aby zapewni\u0107, \u017ce zostanie zachowany poziom ochrony zgodnie z&nbsp;obowi\u0105zuj\u0105cym prawem i&nbsp;standardami ochrony danych osobowych.\" \/>\n<meta property=\"og:url\" content=\"https:\/\/www.consteel-apartments.eu\/?page_id=1698\" \/>\n<meta property=\"og:site_name\" content=\"consteel apartments\" \/>\n<meta property=\"article:modified_time\" content=\"2025-11-02T18:42:18+00:00\" \/>\n<meta name=\"twitter:card\" content=\"summary_large_image\" \/>\n<meta name=\"twitter:label1\" content=\"Szacowany czas czytania\" \/>\n\t<meta name=\"twitter:data1\" content=\"4 minuty\" \/>\n<script type=\"application\/ld+json\" class=\"yoast-schema-graph\">{\"@context\":\"https:\/\/schema.org\",\"@graph\":[{\"@type\":\"WebPage\",\"@id\":\"https:\/\/www.consteel-apartments.eu\/?page_id=1698\",\"url\":\"https:\/\/www.consteel-apartments.eu\/?page_id=1698\",\"name\":\"RODO - consteel apartments\",\"isPartOf\":{\"@id\":\"https:\/\/www.consteel-apartments.eu\/#website\"},\"datePublished\":\"2025-11-02T18:42:17+00:00\",\"dateModified\":\"2025-11-02T18:42:18+00:00\",\"breadcrumb\":{\"@id\":\"https:\/\/www.consteel-apartments.eu\/?page_id=1698#breadcrumb\"},\"inLanguage\":\"pl-PL\",\"potentialAction\":[{\"@type\":\"ReadAction\",\"target\":[\"https:\/\/www.consteel-apartments.eu\/?page_id=1698\"]}]},{\"@type\":\"BreadcrumbList\",\"@id\":\"https:\/\/www.consteel-apartments.eu\/?page_id=1698#breadcrumb\",\"itemListElement\":[{\"@type\":\"ListItem\",\"position\":1,\"name\":\"Strona g\u0142\u00f3wna\",\"item\":\"https:\/\/www.consteel-apartments.eu\/\"},{\"@type\":\"ListItem\",\"position\":2,\"name\":\"RODO\"}]},{\"@type\":\"WebSite\",\"@id\":\"https:\/\/www.consteel-apartments.eu\/#website\",\"url\":\"https:\/\/www.consteel-apartments.eu\/\",\"name\":\"consteel apartments\",\"description\":\"consteel apartments\",\"potentialAction\":[{\"@type\":\"SearchAction\",\"target\":{\"@type\":\"EntryPoint\",\"urlTemplate\":\"https:\/\/www.consteel-apartments.eu\/?s={search_term_string}\"},\"query-input\":{\"@type\":\"PropertyValueSpecification\",\"valueRequired\":true,\"valueName\":\"search_term_string\"}}],\"inLanguage\":\"pl-PL\"}]}<\/script>\n<!-- \/ Yoast SEO plugin. -->","yoast_head_json":{"title":"RODO - consteel apartments","robots":{"index":"index","follow":"follow","max-snippet":"max-snippet:-1","max-image-preview":"max-image-preview:large","max-video-preview":"max-video-preview:-1"},"canonical":"https:\/\/www.consteel-apartments.eu\/?page_id=1698","og_locale":"pl_PL","og_type":"article","og_title":"RODO - consteel apartments","og_description":"Klauzula Informacyjna\u00a0Administratorem danych osobowych jest Consteel Apartments Sp. z o. o. z\u00a0siedzib\u0105 w Warszawie (02-677), ul. Cybernetyki 4A\u00a0lok U2, NIP: 5213895\u00a0928, wpisana do rejestru przedsi\u0119biorc\u00f3w pod nr KRS 0000839565 (dalej: \u201eAdministrator\u201d). W\u00a0sprawach z\u00a0zakresu ochrony danych osobowych mo\u017cna skontaktowa\u0107 si\u0119 Administratorem pod adresem e-mail: rodo.consteelapartments@consteel.eu przy czym ww. podmioty mog\u0105 dzia\u0142a\u0107 w&nbsp;krajach, kt\u00f3re nie zapewniaj\u0105 takiego samego poziomu ochrony danych, jaki istnieje w&nbsp;Pana\/Pani kraju zamieszkania, lecz Administrator podejmie wszelkie konieczne dzia\u0142ania, aby zapewni\u0107, \u017ce zostanie zachowany poziom ochrony zgodnie z&nbsp;obowi\u0105zuj\u0105cym prawem i&nbsp;standardami ochrony danych osobowych.","og_url":"https:\/\/www.consteel-apartments.eu\/?page_id=1698","og_site_name":"consteel apartments","article_modified_time":"2025-11-02T18:42:18+00:00","twitter_card":"summary_large_image","twitter_misc":{"Szacowany czas czytania":"4 minuty"},"schema":{"@context":"https:\/\/schema.org","@graph":[{"@type":"WebPage","@id":"https:\/\/www.consteel-apartments.eu\/?page_id=1698","url":"https:\/\/www.consteel-apartments.eu\/?page_id=1698","name":"RODO - consteel apartments","isPartOf":{"@id":"https:\/\/www.consteel-apartments.eu\/#website"},"datePublished":"2025-11-02T18:42:17+00:00","dateModified":"2025-11-02T18:42:18+00:00","breadcrumb":{"@id":"https:\/\/www.consteel-apartments.eu\/?page_id=1698#breadcrumb"},"inLanguage":"pl-PL","potentialAction":[{"@type":"ReadAction","target":["https:\/\/www.consteel-apartments.eu\/?page_id=1698"]}]},{"@type":"BreadcrumbList","@id":"https:\/\/www.consteel-apartments.eu\/?page_id=1698#breadcrumb","itemListElement":[{"@type":"ListItem","position":1,"name":"Strona g\u0142\u00f3wna","item":"https:\/\/www.consteel-apartments.eu\/"},{"@type":"ListItem","position":2,"name":"RODO"}]},{"@type":"WebSite","@id":"https:\/\/www.consteel-apartments.eu\/#website","url":"https:\/\/www.consteel-apartments.eu\/","name":"consteel apartments","description":"consteel apartments","potentialAction":[{"@type":"SearchAction","target":{"@type":"EntryPoint","urlTemplate":"https:\/\/www.consteel-apartments.eu\/?s={search_term_string}"},"query-input":{"@type":"PropertyValueSpecification","valueRequired":true,"valueName":"search_term_string"}}],"inLanguage":"pl-PL"}]}},"_links":{"self":[{"href":"https:\/\/www.consteel-apartments.eu\/index.php?rest_route=\/wp\/v2\/pages\/1698","targetHints":{"allow":["GET"]}}],"collection":[{"href":"https:\/\/www.consteel-apartments.eu\/index.php?rest_route=\/wp\/v2\/pages"}],"about":[{"href":"https:\/\/www.consteel-apartments.eu\/index.php?rest_route=\/wp\/v2\/types\/page"}],"author":[{"embeddable":true,"href":"https:\/\/www.consteel-apartments.eu\/index.php?rest_route=\/wp\/v2\/users\/1"}],"replies":[{"embeddable":true,"href":"https:\/\/www.consteel-apartments.eu\/index.php?rest_route=%2Fwp%2Fv2%2Fcomments&post=1698"}],"version-history":[{"count":1,"href":"https:\/\/www.consteel-apartments.eu\/index.php?rest_route=\/wp\/v2\/pages\/1698\/revisions"}],"predecessor-version":[{"id":1699,"href":"https:\/\/www.consteel-apartments.eu\/index.php?rest_route=\/wp\/v2\/pages\/1698\/revisions\/1699"}],"wp:attachment":[{"href":"https:\/\/www.consteel-apartments.eu\/index.php?rest_route=%2Fwp%2Fv2%2Fmedia&parent=1698"}],"curies":[{"name":"wp","href":"https:\/\/api.w.org\/{rel}","templated":true}]}}