{"id":3,"date":"2024-08-08T12:00:29","date_gmt":"2024-08-08T12:00:29","guid":{"rendered":"https:\/\/www.consteel-apartments.eu\/?page_id=3"},"modified":"2025-11-02T18:46:21","modified_gmt":"2025-11-02T18:46:21","slug":"privacy-policy","status":"publish","type":"page","link":"https:\/\/www.consteel-apartments.eu\/?page_id=3","title":{"rendered":"Polityka Prywatno\u015bci"},"content":{"rendered":"\n<p><strong>Polityka prywatno\u015bci serwisu consteel-apartments.eu<\/strong><\/p>\n\n\n\n<p>1. Informacje og\u00f3lne<br>Niniejsza Polityka Prywatno\u015bci okre\u015bla zasady przetwarzania i&nbsp;ochrony danych osobowych przekazanych przez U\u017cytkownik\u00f3w w&nbsp;zwi\u0105zku z&nbsp;korzystaniem przez nich us\u0142ug poprzez Serwis.<br>2. Administratorem danych osobowych zawartych w&nbsp;serwisie jest firma:<\/p>\n\n\n\n<p><strong>CONSTEEL APARTMENTS<br>Ul. Cybernetyki 4a lok U2<br>02-677 Warszawa<br>NIP: 521-38-95-928<br><\/strong><br>3. W&nbsp;trosce o&nbsp;bezpiecze\u0144stwo powierzonych nam danych opracowali\u015bmy wewn\u0119trzne procedury i&nbsp;zalecenia, kt\u00f3re maj\u0105 zapobiec udost\u0119pnieniu danych osobom nieupowa\u017cnionym. Kontrolujemy ich wykonywanie i&nbsp;stale sprawdzamy ich zgodno\u015b\u0107 z&nbsp;odpowiednimi aktami prawnymi &#8211; ustaw\u0105 o&nbsp;ochronie danych osobowych, ustaw\u0105 o&nbsp;\u015bwiadczeniu us\u0142ug drog\u0105 elektroniczn\u0105, a&nbsp;tak\u017ce wszelkiego rodzaju aktach wykonawczych i&nbsp;aktach prawa wsp\u00f3lnotowego.<br>4. Dane Osobowe przetwarzane s\u0105 na podstawie zgody wyra\u017canej przez U\u017cytkownika oraz w&nbsp;przypadkach, w&nbsp;kt\u00f3rych przepisy prawa upowa\u017cniaj\u0105 Administratora do przetwarzania danych osobowych na podstawie przepis\u00f3w prawa lub w&nbsp;celu realizacji zawartej pomi\u0119dzy stronami umowy.<br>5. Serwis realizuje funkcje pozyskiwania informacji o&nbsp;u\u017cytkownikach i&nbsp;ich zachowaniach w&nbsp;nast\u0119puj\u0105cy spos\u00f3b:<br>a) poprzez dobrowolnie wprowadzone w&nbsp;formularzach informacje<br>b) poprzez gromadzenie plik\u00f3w \u201ccookies\u201d.<br>6. Serwis zbiera informacje dobrowolnie podane przez u\u017cytkownika.<br>7. Dane podane w&nbsp;formularzu s\u0105 przetwarzane w&nbsp;celu wynikaj\u0105cym z&nbsp;funkcji konkretnego formularza np. w&nbsp;celu dokonania procesu obs\u0142ugi kontaktu informacyjnego<br>8. Dane osobowe pozostawione w&nbsp;serwisie nie zostan\u0105 sprzedane ani udost\u0119pnione osobom trzecim, zgodnie z&nbsp;przepisami Ustawy o&nbsp;ochronie danych osobowych.<br>9. Do danych zawartych w&nbsp;formularzu przys\u0142uguje wgl\u0105d osobie fizycznej, kt\u00f3ra je tam umie\u015bci\u0142a. Osoba ta ma r\u00f3wnie\u017c prawo do modyfikacji i&nbsp;zaprzestania przetwarzania swoich danych w&nbsp;dowolnym momencie.<br>10. Zastrzegamy sobie prawo do zmiany w&nbsp;polityce ochrony prywatno\u015bci serwisu, na kt\u00f3re mo\u017ce wp\u0142yn\u0105\u0107 rozw\u00f3j technologii internetowej, ewentualne zmiany prawa w&nbsp;zakresie ochrony danych osobowych oraz rozw\u00f3j naszego serwisu internetowego. O&nbsp;wszelkich zmianach b\u0119dziemy informowa\u0107 w&nbsp;spos\u00f3b widoczny i&nbsp;zrozumia\u0142y.<br>W&nbsp;razie w\u0105tpliwo\u015bci co kt\u00f3regokolwiek z zapis\u00f3w niniejszej polityki prywatno\u015bci jeste\u015bmy do dyspozycji &#8211; nasze dane znale\u017a\u0107 mo\u017cna w&nbsp;zak\u0142adce &#8211; KONTAKT.<\/p>\n","protected":false},"excerpt":{"rendered":"<p>Polityka prywatno\u015bci serwisu consteel-apartments.eu 1. Informacje og\u00f3lneNiniejsza Polityka Prywatno\u015bci okre\u015bla zasady przetwarzania i&nbsp;ochrony danych osobowych przekazanych przez U\u017cytkownik\u00f3w w&nbsp;zwi\u0105zku z&nbsp;korzystaniem przez nich us\u0142ug poprzez Serwis.2. Administratorem danych osobowych zawartych w&nbsp;serwisie jest firma: CONSTEEL APARTMENTSUl. Cybernetyki 4a lok U202-677 WarszawaNIP: 521-38-95-9283. W&nbsp;trosce o&nbsp;bezpiecze\u0144stwo powierzonych nam danych opracowali\u015bmy wewn\u0119trzne procedury i&nbsp;zalecenia, kt\u00f3re maj\u0105 zapobiec udost\u0119pnieniu danych osobom nieupowa\u017cnionym. Kontrolujemy ich wykonywanie i&nbsp;stale sprawdzamy ich zgodno\u015b\u0107 z&nbsp;odpowiednimi aktami prawnymi &#8211; ustaw\u0105 o&nbsp;ochronie danych osobowych, ustaw\u0105 o&nbsp;\u015bwiadczeniu us\u0142ug drog\u0105 elektroniczn\u0105, a&nbsp;tak\u017ce wszelkiego rodzaju aktach wykonawczych i&nbsp;aktach prawa wsp\u00f3lnotowego.4. Dane Osobowe przetwarzane s\u0105 na podstawie zgody wyra\u017canej przez U\u017cytkownika oraz w&nbsp;przypadkach, w&nbsp;kt\u00f3rych przepisy prawa upowa\u017cniaj\u0105<\/p>\n","protected":false},"author":1,"featured_media":0,"parent":0,"menu_order":0,"comment_status":"closed","ping_status":"open","template":"","meta":{"footnotes":""},"class_list":["post-3","page","type-page","status-publish","hentry"],"yoast_head":"<!-- This site is optimized with the Yoast SEO plugin v26.8 - https:\/\/yoast.com\/product\/yoast-seo-wordpress\/ -->\n<title>Polityka Prywatno\u015bci - consteel apartments<\/title>\n<meta name=\"robots\" content=\"index, follow, max-snippet:-1, max-image-preview:large, max-video-preview:-1\" \/>\n<link rel=\"canonical\" href=\"https:\/\/www.consteel-apartments.eu\/?page_id=3\" \/>\n<meta property=\"og:locale\" content=\"pl_PL\" \/>\n<meta property=\"og:type\" content=\"article\" \/>\n<meta property=\"og:title\" content=\"Polityka Prywatno\u015bci - consteel apartments\" \/>\n<meta property=\"og:description\" content=\"Polityka prywatno\u015bci serwisu consteel-apartments.eu 1. Informacje og\u00f3lneNiniejsza Polityka Prywatno\u015bci okre\u015bla zasady przetwarzania i&nbsp;ochrony danych osobowych przekazanych przez U\u017cytkownik\u00f3w w&nbsp;zwi\u0105zku z&nbsp;korzystaniem przez nich us\u0142ug poprzez Serwis.2. Administratorem danych osobowych zawartych w&nbsp;serwisie jest firma: CONSTEEL APARTMENTSUl. Cybernetyki 4a lok U202-677 WarszawaNIP: 521-38-95-9283. W&nbsp;trosce o&nbsp;bezpiecze\u0144stwo powierzonych nam danych opracowali\u015bmy wewn\u0119trzne procedury i&nbsp;zalecenia, kt\u00f3re maj\u0105 zapobiec udost\u0119pnieniu danych osobom nieupowa\u017cnionym. Kontrolujemy ich wykonywanie i&nbsp;stale sprawdzamy ich zgodno\u015b\u0107 z&nbsp;odpowiednimi aktami prawnymi &#8211; ustaw\u0105 o&nbsp;ochronie danych osobowych, ustaw\u0105 o&nbsp;\u015bwiadczeniu us\u0142ug drog\u0105 elektroniczn\u0105, a&nbsp;tak\u017ce wszelkiego rodzaju aktach wykonawczych i&nbsp;aktach prawa wsp\u00f3lnotowego.4. Dane Osobowe przetwarzane s\u0105 na podstawie zgody wyra\u017canej przez U\u017cytkownika oraz w&nbsp;przypadkach, w&nbsp;kt\u00f3rych przepisy prawa upowa\u017cniaj\u0105\" \/>\n<meta property=\"og:url\" content=\"https:\/\/www.consteel-apartments.eu\/?page_id=3\" \/>\n<meta property=\"og:site_name\" content=\"consteel apartments\" \/>\n<meta property=\"article:modified_time\" content=\"2025-11-02T18:46:21+00:00\" \/>\n<meta name=\"twitter:card\" content=\"summary_large_image\" \/>\n<meta name=\"twitter:label1\" content=\"Szacowany czas czytania\" \/>\n\t<meta name=\"twitter:data1\" content=\"2 minuty\" \/>\n<script type=\"application\/ld+json\" class=\"yoast-schema-graph\">{\"@context\":\"https:\/\/schema.org\",\"@graph\":[{\"@type\":\"WebPage\",\"@id\":\"https:\/\/www.consteel-apartments.eu\/?page_id=3\",\"url\":\"https:\/\/www.consteel-apartments.eu\/?page_id=3\",\"name\":\"Polityka Prywatno\u015bci - consteel apartments\",\"isPartOf\":{\"@id\":\"https:\/\/www.consteel-apartments.eu\/#website\"},\"datePublished\":\"2024-08-08T12:00:29+00:00\",\"dateModified\":\"2025-11-02T18:46:21+00:00\",\"breadcrumb\":{\"@id\":\"https:\/\/www.consteel-apartments.eu\/?page_id=3#breadcrumb\"},\"inLanguage\":\"pl-PL\",\"potentialAction\":[{\"@type\":\"ReadAction\",\"target\":[\"https:\/\/www.consteel-apartments.eu\/?page_id=3\"]}]},{\"@type\":\"BreadcrumbList\",\"@id\":\"https:\/\/www.consteel-apartments.eu\/?page_id=3#breadcrumb\",\"itemListElement\":[{\"@type\":\"ListItem\",\"position\":1,\"name\":\"Strona g\u0142\u00f3wna\",\"item\":\"https:\/\/www.consteel-apartments.eu\/\"},{\"@type\":\"ListItem\",\"position\":2,\"name\":\"Polityka Prywatno\u015bci\"}]},{\"@type\":\"WebSite\",\"@id\":\"https:\/\/www.consteel-apartments.eu\/#website\",\"url\":\"https:\/\/www.consteel-apartments.eu\/\",\"name\":\"consteel apartments\",\"description\":\"consteel apartments\",\"potentialAction\":[{\"@type\":\"SearchAction\",\"target\":{\"@type\":\"EntryPoint\",\"urlTemplate\":\"https:\/\/www.consteel-apartments.eu\/?s={search_term_string}\"},\"query-input\":{\"@type\":\"PropertyValueSpecification\",\"valueRequired\":true,\"valueName\":\"search_term_string\"}}],\"inLanguage\":\"pl-PL\"}]}<\/script>\n<!-- \/ Yoast SEO plugin. -->","yoast_head_json":{"title":"Polityka Prywatno\u015bci - consteel apartments","robots":{"index":"index","follow":"follow","max-snippet":"max-snippet:-1","max-image-preview":"max-image-preview:large","max-video-preview":"max-video-preview:-1"},"canonical":"https:\/\/www.consteel-apartments.eu\/?page_id=3","og_locale":"pl_PL","og_type":"article","og_title":"Polityka Prywatno\u015bci - consteel apartments","og_description":"Polityka prywatno\u015bci serwisu consteel-apartments.eu 1. Informacje og\u00f3lneNiniejsza Polityka Prywatno\u015bci okre\u015bla zasady przetwarzania i&nbsp;ochrony danych osobowych przekazanych przez U\u017cytkownik\u00f3w w&nbsp;zwi\u0105zku z&nbsp;korzystaniem przez nich us\u0142ug poprzez Serwis.2. Administratorem danych osobowych zawartych w&nbsp;serwisie jest firma: CONSTEEL APARTMENTSUl. Cybernetyki 4a lok U202-677 WarszawaNIP: 521-38-95-9283. W&nbsp;trosce o&nbsp;bezpiecze\u0144stwo powierzonych nam danych opracowali\u015bmy wewn\u0119trzne procedury i&nbsp;zalecenia, kt\u00f3re maj\u0105 zapobiec udost\u0119pnieniu danych osobom nieupowa\u017cnionym. Kontrolujemy ich wykonywanie i&nbsp;stale sprawdzamy ich zgodno\u015b\u0107 z&nbsp;odpowiednimi aktami prawnymi &#8211; ustaw\u0105 o&nbsp;ochronie danych osobowych, ustaw\u0105 o&nbsp;\u015bwiadczeniu us\u0142ug drog\u0105 elektroniczn\u0105, a&nbsp;tak\u017ce wszelkiego rodzaju aktach wykonawczych i&nbsp;aktach prawa wsp\u00f3lnotowego.4. Dane Osobowe przetwarzane s\u0105 na podstawie zgody wyra\u017canej przez U\u017cytkownika oraz w&nbsp;przypadkach, w&nbsp;kt\u00f3rych przepisy prawa upowa\u017cniaj\u0105","og_url":"https:\/\/www.consteel-apartments.eu\/?page_id=3","og_site_name":"consteel apartments","article_modified_time":"2025-11-02T18:46:21+00:00","twitter_card":"summary_large_image","twitter_misc":{"Szacowany czas czytania":"2 minuty"},"schema":{"@context":"https:\/\/schema.org","@graph":[{"@type":"WebPage","@id":"https:\/\/www.consteel-apartments.eu\/?page_id=3","url":"https:\/\/www.consteel-apartments.eu\/?page_id=3","name":"Polityka Prywatno\u015bci - consteel apartments","isPartOf":{"@id":"https:\/\/www.consteel-apartments.eu\/#website"},"datePublished":"2024-08-08T12:00:29+00:00","dateModified":"2025-11-02T18:46:21+00:00","breadcrumb":{"@id":"https:\/\/www.consteel-apartments.eu\/?page_id=3#breadcrumb"},"inLanguage":"pl-PL","potentialAction":[{"@type":"ReadAction","target":["https:\/\/www.consteel-apartments.eu\/?page_id=3"]}]},{"@type":"BreadcrumbList","@id":"https:\/\/www.consteel-apartments.eu\/?page_id=3#breadcrumb","itemListElement":[{"@type":"ListItem","position":1,"name":"Strona g\u0142\u00f3wna","item":"https:\/\/www.consteel-apartments.eu\/"},{"@type":"ListItem","position":2,"name":"Polityka Prywatno\u015bci"}]},{"@type":"WebSite","@id":"https:\/\/www.consteel-apartments.eu\/#website","url":"https:\/\/www.consteel-apartments.eu\/","name":"consteel apartments","description":"consteel apartments","potentialAction":[{"@type":"SearchAction","target":{"@type":"EntryPoint","urlTemplate":"https:\/\/www.consteel-apartments.eu\/?s={search_term_string}"},"query-input":{"@type":"PropertyValueSpecification","valueRequired":true,"valueName":"search_term_string"}}],"inLanguage":"pl-PL"}]}},"_links":{"self":[{"href":"https:\/\/www.consteel-apartments.eu\/index.php?rest_route=\/wp\/v2\/pages\/3","targetHints":{"allow":["GET"]}}],"collection":[{"href":"https:\/\/www.consteel-apartments.eu\/index.php?rest_route=\/wp\/v2\/pages"}],"about":[{"href":"https:\/\/www.consteel-apartments.eu\/index.php?rest_route=\/wp\/v2\/types\/page"}],"author":[{"embeddable":true,"href":"https:\/\/www.consteel-apartments.eu\/index.php?rest_route=\/wp\/v2\/users\/1"}],"replies":[{"embeddable":true,"href":"https:\/\/www.consteel-apartments.eu\/index.php?rest_route=%2Fwp%2Fv2%2Fcomments&post=3"}],"version-history":[{"count":2,"href":"https:\/\/www.consteel-apartments.eu\/index.php?rest_route=\/wp\/v2\/pages\/3\/revisions"}],"predecessor-version":[{"id":1700,"href":"https:\/\/www.consteel-apartments.eu\/index.php?rest_route=\/wp\/v2\/pages\/3\/revisions\/1700"}],"wp:attachment":[{"href":"https:\/\/www.consteel-apartments.eu\/index.php?rest_route=%2Fwp%2Fv2%2Fmedia&parent=3"}],"curies":[{"name":"wp","href":"https:\/\/api.w.org\/{rel}","templated":true}]}}